{"id":1045,"date":"2025-11-05T16:37:40","date_gmt":"2025-11-05T15:37:40","guid":{"rendered":"https:\/\/enmarxa.eu\/return-and-refund-policy\/"},"modified":"2025-11-06T09:51:12","modified_gmt":"2025-11-06T08:51:12","slug":"return-and-refund-policy","status":"publish","type":"page","link":"https:\/\/enmarxa.eu\/en\/return-and-refund-policy\/","title":{"rendered":"Return and refund policy"},"content":{"rendered":"<p>If delivered in person, the purchased painting will be shown in person, so before paying, the customer can check that everything is correct. In this case, there is no possibility of return. Payment can be made directly in cash.<\/p>\n<p>If the purchase is made through the platform, there is a right of return. The cost of shipping will be prepaid, with the customer covering the shipping, which must be carried out within a maximum period of one month from the date of purchase to the receipt of the painting by EN-MARXA, within that timeframe. Upon receipt of the painting, EN-MARXA will inspect it, and if it is in the same previous condition, the refund will be processed within a maximum of 15 days after receiving the return. According to Legislative Royal Decree 1\/2007, November 16, the period is 14 calendar days, but we extend it to one month.<\/p>\n","protected":false},"excerpt":{"rendered":"<p>If delivered in person, the purchased painting will be shown in person, so before paying, the customer can check that everything is correct. In this case, there is no possibility of return. Payment can be made directly in cash. If the purchase is made through the platform, there is a right of return. The cost [&hellip;]<\/p>\n","protected":false},"author":1,"featured_media":0,"parent":0,"menu_order":0,"comment_status":"closed","ping_status":"closed","template":"","meta":{"_et_pb_use_builder":"","_et_pb_old_content":"<p data-cya11y-org-font-size=\"14\">Si es entregado en mano, se mostrar\u00e1 en persona el cuadro adquirido, por lo que antes de pagar el cliente podr\u00e1 revisar si todo es correcto. En este caso, no hay posibilidad de devoluci\u00f3n. El pago puede realizarse directamente en efectivo.<\/p>\r\n<p data-cya11y-org-font-size=\"14\">Si la compra es realizada a trav\u00e9s de la plataforma, s\u00ed hay derecho de devoluci\u00f3n. El coste del transporte ser\u00e1 a portes pagados, donde el cliente paga el env\u00edo que deber\u00e1 realizarse en el plazo m\u00e1ximo de un mes desde la fecha de compra a la recepci\u00f3n del cuadro por parte de EN-MARXA, dentro de dicho plazo. A la recepci\u00f3n del cuadro, EN-MARXA proceder\u00e1 a su revisi\u00f3n, y si est\u00e1 en las mismas\u00a0condiciones anteriores se abonar\u00e1 en un plazo m\u00e1ximo de 15 d\u00edas posteriores a la recepci\u00f3n de la devoluci\u00f3n. Seg\u00fan el Real Decreto Legislativo 1\/2007, 16 de noviembre, el plazo es de 14 d\u00edas naturales, pero lo ampliamos a un mes.<\/p>\r\n","_et_gb_content_width":"","footnotes":""},"class_list":["post-1045","page","type-page","status-publish","hentry"],"yoast_head":"<!-- This site is optimized with the Yoast SEO plugin v27.5 - https:\/\/yoast.com\/product\/yoast-seo-wordpress\/ -->\n<title>Return and refund policy - En Marxa - Cuadros \u00fanicos en venta<\/title>\n<meta name=\"robots\" content=\"index, follow, max-snippet:-1, max-image-preview:large, max-video-preview:-1\" \/>\n<link rel=\"canonical\" href=\"https:\/\/enmarxa.eu\/en\/return-and-refund-policy\/\" \/>\n<meta property=\"og:locale\" content=\"en_US\" \/>\n<meta property=\"og:type\" content=\"article\" \/>\n<meta property=\"og:title\" content=\"Return and refund policy - En Marxa - Cuadros \u00fanicos en venta\" \/>\n<meta property=\"og:description\" content=\"If delivered in person, the purchased painting will be shown in person, so before paying, the customer can check that everything is correct. In this case, there is no possibility of return. Payment can be made directly in cash. If the purchase is made through the platform, there is a right of return. The cost [&hellip;]\" \/>\n<meta property=\"og:url\" content=\"https:\/\/enmarxa.eu\/en\/return-and-refund-policy\/\" \/>\n<meta property=\"og:site_name\" content=\"En Marxa - Cuadros \u00fanicos en venta\" \/>\n<meta property=\"article:modified_time\" content=\"2025-11-06T08:51:12+00:00\" \/>\n<meta name=\"twitter:card\" content=\"summary_large_image\" \/>\n<script type=\"application\/ld+json\" class=\"yoast-schema-graph\">{\"@context\":\"https:\\\/\\\/schema.org\",\"@graph\":[{\"@type\":\"WebPage\",\"@id\":\"https:\\\/\\\/enmarxa.eu\\\/en\\\/return-and-refund-policy\\\/\",\"url\":\"https:\\\/\\\/enmarxa.eu\\\/en\\\/return-and-refund-policy\\\/\",\"name\":\"Return and refund policy - En Marxa - Cuadros \u00fanicos en venta\",\"isPartOf\":{\"@id\":\"https:\\\/\\\/enmarxa.eu\\\/#website\"},\"datePublished\":\"2025-11-05T15:37:40+00:00\",\"dateModified\":\"2025-11-06T08:51:12+00:00\",\"breadcrumb\":{\"@id\":\"https:\\\/\\\/enmarxa.eu\\\/en\\\/return-and-refund-policy\\\/#breadcrumb\"},\"inLanguage\":\"en-US\",\"potentialAction\":[{\"@type\":\"ReadAction\",\"target\":[\"https:\\\/\\\/enmarxa.eu\\\/en\\\/return-and-refund-policy\\\/\"]}]},{\"@type\":\"BreadcrumbList\",\"@id\":\"https:\\\/\\\/enmarxa.eu\\\/en\\\/return-and-refund-policy\\\/#breadcrumb\",\"itemListElement\":[{\"@type\":\"ListItem\",\"position\":1,\"name\":\"Portada\",\"item\":\"https:\\\/\\\/enmarxa.eu\\\/en\\\/\"},{\"@type\":\"ListItem\",\"position\":2,\"name\":\"Return and refund policy\"}]},{\"@type\":\"WebSite\",\"@id\":\"https:\\\/\\\/enmarxa.eu\\\/#website\",\"url\":\"https:\\\/\\\/enmarxa.eu\\\/\",\"name\":\"En Marxa\",\"description\":\"En Marxa - Cuadros \u00fanicos\",\"publisher\":{\"@id\":\"https:\\\/\\\/enmarxa.eu\\\/#organization\"},\"potentialAction\":[{\"@type\":\"SearchAction\",\"target\":{\"@type\":\"EntryPoint\",\"urlTemplate\":\"https:\\\/\\\/enmarxa.eu\\\/?s={search_term_string}\"},\"query-input\":{\"@type\":\"PropertyValueSpecification\",\"valueRequired\":true,\"valueName\":\"search_term_string\"}}],\"inLanguage\":\"en-US\"},{\"@type\":\"Organization\",\"@id\":\"https:\\\/\\\/enmarxa.eu\\\/#organization\",\"name\":\"En Marxa\",\"url\":\"https:\\\/\\\/enmarxa.eu\\\/\",\"logo\":{\"@type\":\"ImageObject\",\"inLanguage\":\"en-US\",\"@id\":\"https:\\\/\\\/enmarxa.eu\\\/#\\\/schema\\\/logo\\\/image\\\/\",\"url\":\"https:\\/\\/enmarxa.eu\\/wp-content\\/uploads\\/2025\\/05\\/Logo-04.png\",\"contentUrl\":\"https:\\/\\/enmarxa.eu\\/wp-content\\/uploads\\/2025\\/05\\/Logo-04.png\",\"width\":1995,\"height\":300,\"caption\":\"En Marxa\"},\"image\":{\"@id\":\"https:\\\/\\\/enmarxa.eu\\\/#\\\/schema\\\/logo\\\/image\\\/\"}}]}<\/script>\n<!-- \/ Yoast SEO plugin. -->","yoast_head_json":{"title":"Return and refund policy - En Marxa - Cuadros \u00fanicos en venta","robots":{"index":"index","follow":"follow","max-snippet":"max-snippet:-1","max-image-preview":"max-image-preview:large","max-video-preview":"max-video-preview:-1"},"canonical":"https:\/\/enmarxa.eu\/en\/return-and-refund-policy\/","og_locale":"en_US","og_type":"article","og_title":"Return and refund policy - En Marxa - Cuadros \u00fanicos en venta","og_description":"If delivered in person, the purchased painting will be shown in person, so before paying, the customer can check that everything is correct. In this case, there is no possibility of return. Payment can be made directly in cash. If the purchase is made through the platform, there is a right of return. The cost [&hellip;]","og_url":"https:\/\/enmarxa.eu\/en\/return-and-refund-policy\/","og_site_name":"En Marxa - Cuadros \u00fanicos en venta","article_modified_time":"2025-11-06T08:51:12+00:00","twitter_card":"summary_large_image","schema":{"@context":"https:\/\/schema.org","@graph":[{"@type":"WebPage","@id":"https:\/\/enmarxa.eu\/en\/return-and-refund-policy\/","url":"https:\/\/enmarxa.eu\/en\/return-and-refund-policy\/","name":"Return and refund policy - En Marxa - Cuadros \u00fanicos en venta","isPartOf":{"@id":"https:\/\/enmarxa.eu\/#website"},"datePublished":"2025-11-05T15:37:40+00:00","dateModified":"2025-11-06T08:51:12+00:00","breadcrumb":{"@id":"https:\/\/enmarxa.eu\/en\/return-and-refund-policy\/#breadcrumb"},"inLanguage":"en-US","potentialAction":[{"@type":"ReadAction","target":["https:\/\/enmarxa.eu\/en\/return-and-refund-policy\/"]}]},{"@type":"BreadcrumbList","@id":"https:\/\/enmarxa.eu\/en\/return-and-refund-policy\/#breadcrumb","itemListElement":[{"@type":"ListItem","position":1,"name":"Portada","item":"https:\/\/enmarxa.eu\/en\/"},{"@type":"ListItem","position":2,"name":"Return and refund policy"}]},{"@type":"WebSite","@id":"https:\/\/enmarxa.eu\/#website","url":"https:\/\/enmarxa.eu\/","name":"En Marxa","description":"En Marxa - Cuadros \u00fanicos","publisher":{"@id":"https:\/\/enmarxa.eu\/#organization"},"potentialAction":[{"@type":"SearchAction","target":{"@type":"EntryPoint","urlTemplate":"https:\/\/enmarxa.eu\/?s={search_term_string}"},"query-input":{"@type":"PropertyValueSpecification","valueRequired":true,"valueName":"search_term_string"}}],"inLanguage":"en-US"},{"@type":"Organization","@id":"https:\/\/enmarxa.eu\/#organization","name":"En Marxa","url":"https:\/\/enmarxa.eu\/","logo":{"@type":"ImageObject","inLanguage":"en-US","@id":"https:\/\/enmarxa.eu\/#\/schema\/logo\/image\/","url":"https:\/\/mlbcwn9lwca1.i.optimole.com\/w:auto\/h:auto\/q:mauto\/f:best\/https:\/\/enmarxa.eu\/wp-content\/uploads\/2025\/05\/Logo-04.png","contentUrl":"https:\/\/mlbcwn9lwca1.i.optimole.com\/w:auto\/h:auto\/q:mauto\/f:best\/https:\/\/enmarxa.eu\/wp-content\/uploads\/2025\/05\/Logo-04.png","width":1995,"height":300,"caption":"En Marxa"},"image":{"@id":"https:\/\/enmarxa.eu\/#\/schema\/logo\/image\/"}}]}},"_links":{"self":[{"href":"https:\/\/enmarxa.eu\/en\/wp-json\/wp\/v2\/pages\/1045","targetHints":{"allow":["GET"]}}],"collection":[{"href":"https:\/\/enmarxa.eu\/en\/wp-json\/wp\/v2\/pages"}],"about":[{"href":"https:\/\/enmarxa.eu\/en\/wp-json\/wp\/v2\/types\/page"}],"author":[{"embeddable":true,"href":"https:\/\/enmarxa.eu\/en\/wp-json\/wp\/v2\/users\/1"}],"replies":[{"embeddable":true,"href":"https:\/\/enmarxa.eu\/en\/wp-json\/wp\/v2\/comments?post=1045"}],"version-history":[{"count":0,"href":"https:\/\/enmarxa.eu\/en\/wp-json\/wp\/v2\/pages\/1045\/revisions"}],"wp:attachment":[{"href":"https:\/\/enmarxa.eu\/en\/wp-json\/wp\/v2\/media?parent=1045"}],"curies":[{"name":"wp","href":"https:\/\/api.w.org\/{rel}","templated":true}]}}